{"id":80,"date":"2013-02-02T12:25:15","date_gmt":"2013-02-02T12:25:15","guid":{"rendered":"http:\/\/hogash-demo.com\/kallyas_wp\/?page_id=80"},"modified":"2020-02-06T19:16:53","modified_gmt":"2020-02-06T18:16:53","slug":"chi-siamo","status":"publish","type":"page","link":"https:\/\/bmzimpianti.com\/?page_id=80","title":{"rendered":"Chi siamo"},"content":{"rendered":"<h2 class=\"subtitle\"> Benvenuti sul sito di BMZ Impianti\u00a0<\/h2>\n<div id=\"skills_diagram\"><div class=\"legend\"><h4>Legend:<\/h4><ul class=\"skills\">\n<li data-percent=\"95\" style=\"background-color:#97BE0D;\"> Impianti Elettrici\u00a0<\/li>\n<li data-percent=\"90\" style=\"background-color:#D84F5F;\"> Climatizzazione<\/li>\n<li data-percent=\"80\" style=\"background-color:#88B8E6;\"> Videosorveglianza<\/li>\n<\/ul><!-- end the skills --><\/div><div id=\"thediagram\" data-width=\"600\" data-height=\"600\" data-maincolor=\"#193340\" data-maintext=\"competenze\" data-fontsize=\"20px Arial\" data-textcolor=\"#ffffff\"><\/div><script type=\"text\/javascript\" src=\"http:\/\/cdnjs.cloudflare.com\/ajax\/libs\/raphael\/2.1.0\/raphael-min.js\"><\/script><script type=\"text\/javascript\" src=\"https:\/\/bmzimpianti.com\/wp-content\/themes\/kallyas\/addons\/raphael_diagram\/init.js\"><\/script><\/div><!-- end skills diagram -->\n<p style=\"text-align: justify;\"><a href=\"https:\/\/bmzimpianti.com\/wp-content\/uploads\/2013\/02\/electrical.jpg\" class=\"hoverBorder alignleft\"><img loading=\"lazy\" decoding=\"async\" class=\" wp-image-1510 size-thumbnail\" title=\"impianti elettrici, impianti climatizzazione, videosorveglianza\" src=\"https:\/\/bmzimpianti.com\/wp-content\/uploads\/2013\/02\/electrical-150x150.jpg\" alt=\"Impianti elettrici\" width=\"150\" height=\"150\" \/><\/a>BMZ Impianti, realt\u00e0 nel settore dell&#8217;<strong>impiantistica elettrica<\/strong>, composta principalmente dai due soci Nicola e Fortunato, opera da pi\u00f9 di dieci anni nella zona di Conselve e Padova. Il nostro obiettivo \u00e9 quello di soddisfare le esigenze dei nostri clienti dal punto di vista professionale ed economico, operando per essere concorrenziali nel mercato.<\/p>\n<p style=\"text-align: justify;\">Rimaniamo sempre attenti all&#8217;evoluzioni tecnologiche che il mercato richiede per mantenere <strong>standard qualitativi al di sopra della media<\/strong> e quindi soddisfare ogni esigenza della clientela.<\/p>\n<p><strong>\u00a0<h4 class=\"m_title\"> PERCHE&#8217; SCEGLIERCI\u00a0<\/h4><\/strong><\/p>\n\n<ul class=\"list-style1\">\n<li>Competenza nei lavori svolti.<\/li>\n<li>Velocit\u00e0 e seriet\u00e0 nel rapporto con il cliente.<\/li>\n<li>Partnership con le migliori aziende del settore.<\/li>\n<li>Assistenza qualificata per ogni vostra domanda o problema.<\/li>\n<\/ul>\n\n<p style=\"text-align: justify;\"><blockquote class=\"\"><p>Dobbiamo molto a Thomas Edison. Se non avesse inventato l&#8217;elettricit\u00e0, adesso guarderemmo la TV a lume di candela.<\/p><small>WIET VAN BROECKHOVEN<\/small><\/blockquote>\n","protected":false},"excerpt":{"rendered":"<p>BMZ Impianti, realt\u00e0 nel settore dell&#8217;impiantistica elettrica, composta principalmente dai due soci Nicola e Fortunato, opera da pi\u00f9 di dieci anni nella zona di Conselve e Padova. Il nostro obiettivo \u00e9 quello di soddisfare le esigenze dei nostri clienti dal punto di vista professionale ed economico, operando per essere concorrenziali nel mercato. Rimaniamo sempre attenti<\/p>\n","protected":false},"author":1,"featured_media":617,"parent":0,"menu_order":0,"comment_status":"open","ping_status":"open","template":"","meta":{"footnotes":""},"class_list":["post-80","page","type-page","status-publish","has-post-thumbnail","hentry"],"_links":{"self":[{"href":"https:\/\/bmzimpianti.com\/index.php?rest_route=\/wp\/v2\/pages\/80","targetHints":{"allow":["GET"]}}],"collection":[{"href":"https:\/\/bmzimpianti.com\/index.php?rest_route=\/wp\/v2\/pages"}],"about":[{"href":"https:\/\/bmzimpianti.com\/index.php?rest_route=\/wp\/v2\/types\/page"}],"author":[{"embeddable":true,"href":"https:\/\/bmzimpianti.com\/index.php?rest_route=\/wp\/v2\/users\/1"}],"replies":[{"embeddable":true,"href":"https:\/\/bmzimpianti.com\/index.php?rest_route=%2Fwp%2Fv2%2Fcomments&post=80"}],"version-history":[{"count":10,"href":"https:\/\/bmzimpianti.com\/index.php?rest_route=\/wp\/v2\/pages\/80\/revisions"}],"predecessor-version":[{"id":1507,"href":"https:\/\/bmzimpianti.com\/index.php?rest_route=\/wp\/v2\/pages\/80\/revisions\/1507"}],"wp:featuredmedia":[{"embeddable":true,"href":"https:\/\/bmzimpianti.com\/index.php?rest_route=\/wp\/v2\/media\/617"}],"wp:attachment":[{"href":"https:\/\/bmzimpianti.com\/index.php?rest_route=%2Fwp%2Fv2%2Fmedia&parent=80"}],"curies":[{"name":"wp","href":"https:\/\/api.w.org\/{rel}","templated":true}]}}